{"id":23,"date":"2012-05-20T16:41:11","date_gmt":"2012-05-20T14:41:11","guid":{"rendered":"http:\/\/ansok.eu\/?page_id=23"},"modified":"2016-01-03T00:14:25","modified_gmt":"2016-01-02T22:14:25","slug":"emigrantforskning","status":"publish","type":"page","link":"https:\/\/ansok.eu\/fi\/ourservices\/emigrantforskning\/","title":{"rendered":"Emigrantforskning"},"content":{"rendered":"<p class=\"qtranxs-available-languages-message qtranxs-available-languages-message-fi\">Anteeksi, mutta t\u00e4m\u00e4 kirjoitus on saatavana ainoastaan n\u00e4ill\u00e4 kielill\u00e4: <a href=\"https:\/\/ansok.eu\/en\/wp-json\/wp\/v2\/pages\/23\" class=\"qtranxs-available-language-link qtranxs-available-language-link-en\" title=\"English\">Amerikanenglanti<\/a> ja <a href=\"https:\/\/ansok.eu\/sv\/wp-json\/wp\/v2\/pages\/23\" class=\"qtranxs-available-language-link qtranxs-available-language-link-sv\" title=\"Svenska\">Ruotsi<\/a>.<\/p>","protected":false},"excerpt":{"rendered":"<p>Anteeksi, mutta t\u00e4m\u00e4 kirjoitus on saatavana ainoastaan n\u00e4ill\u00e4 kielill\u00e4: Amerikanenglanti ja Ruotsi.<\/p>\n","protected":false},"author":1,"featured_media":0,"parent":2,"menu_order":5,"comment_status":"closed","ping_status":"closed","template":"","meta":[],"yoast_head":"<!-- This site is optimized with the Yoast SEO plugin v15.7 - https:\/\/yoast.com\/wordpress\/plugins\/seo\/ -->\n<title>Emigrantforskning - Family Research AnSearch<\/title>\n<meta name=\"robots\" content=\"index, follow, max-snippet:-1, max-image-preview:large, max-video-preview:-1\" \/>\n<link rel=\"canonical\" href=\"https:\/\/ansok.eu\/en\/ourservices\/emigrantforskning\/\" \/>\n<meta name=\"twitter:card\" content=\"summary_large_image\" \/>\n<meta name=\"twitter:title\" content=\"Emigrantforskning - Family Research AnSearch\" \/>\n<meta name=\"twitter:description\" content=\"Anteeksi, mutta t\u00e4m\u00e4 kirjoitus on saatavana ainoastaan n\u00e4ill\u00e4 kielill\u00e4: Amerikanenglanti ja Ruotsi.\" \/>\n<meta name=\"twitter:label1\" content=\"Est. reading time\">\n\t<meta name=\"twitter:data1\" content=\"1 minuutti\">\n<script type=\"application\/ld+json\" class=\"yoast-schema-graph\">{\"@context\":\"https:\/\/schema.org\",\"@graph\":[{\"@type\":\"WebSite\",\"@id\":\"https:\/\/ansok.eu\/#website\",\"url\":\"https:\/\/ansok.eu\/\",\"name\":\"Family Research AnSearch\",\"description\":\"Genealogical research service specialized in Northern Europe\",\"potentialAction\":[{\"@type\":\"SearchAction\",\"target\":\"https:\/\/ansok.eu\/?s={search_term_string}\",\"query-input\":\"required name=search_term_string\"}],\"inLanguage\":\"fi\"},{\"@type\":\"WebPage\",\"@id\":\"https:\/\/ansok.eu\/en\/ourservices\/emigrantforskning\/#webpage\",\"url\":\"https:\/\/ansok.eu\/en\/ourservices\/emigrantforskning\/\",\"name\":\"Emigrantforskning - Family Research AnSearch\",\"isPartOf\":{\"@id\":\"https:\/\/ansok.eu\/#website\"},\"datePublished\":\"2012-05-20T14:41:11+00:00\",\"dateModified\":\"2016-01-02T22:14:25+00:00\",\"inLanguage\":\"fi\",\"potentialAction\":[{\"@type\":\"ReadAction\",\"target\":[\"https:\/\/ansok.eu\/en\/ourservices\/emigrantforskning\/\"]}]}]}<\/script>\n<!-- \/ Yoast SEO plugin. -->","_links":{"self":[{"href":"https:\/\/ansok.eu\/fi\/wp-json\/wp\/v2\/pages\/23"}],"collection":[{"href":"https:\/\/ansok.eu\/fi\/wp-json\/wp\/v2\/pages"}],"about":[{"href":"https:\/\/ansok.eu\/fi\/wp-json\/wp\/v2\/types\/page"}],"author":[{"embeddable":true,"href":"https:\/\/ansok.eu\/fi\/wp-json\/wp\/v2\/users\/1"}],"replies":[{"embeddable":true,"href":"https:\/\/ansok.eu\/fi\/wp-json\/wp\/v2\/comments?post=23"}],"version-history":[{"count":4,"href":"https:\/\/ansok.eu\/fi\/wp-json\/wp\/v2\/pages\/23\/revisions"}],"predecessor-version":[{"id":60,"href":"https:\/\/ansok.eu\/fi\/wp-json\/wp\/v2\/pages\/23\/revisions\/60"}],"up":[{"embeddable":true,"href":"https:\/\/ansok.eu\/fi\/wp-json\/wp\/v2\/pages\/2"}],"wp:attachment":[{"href":"https:\/\/ansok.eu\/fi\/wp-json\/wp\/v2\/media?parent=23"}],"curies":[{"name":"wp","href":"https:\/\/api.w.org\/{rel}","templated":true}]}}