{"id":36,"date":"2012-08-27T12:10:02","date_gmt":"2012-08-27T12:10:02","guid":{"rendered":"http:\/\/ansok.eu\/?page_id=36"},"modified":"2022-08-25T10:43:46","modified_gmt":"2022-08-25T08:43:46","slug":"hemsidan","status":"publish","type":"page","link":"https:\/\/ansok.eu\/fi\/","title":{"rendered":"Family Research AnSearch"},"content":{"rendered":"<p class=\"qtranxs-available-languages-message qtranxs-available-languages-message-fi\">Anteeksi, mutta t\u00e4m\u00e4 kirjoitus on saatavana ainoastaan n\u00e4ill\u00e4 kielill\u00e4: <a href=\"https:\/\/ansok.eu\/en\/wp-json\/wp\/v2\/pages\/36\" class=\"qtranxs-available-language-link qtranxs-available-language-link-en\" title=\"English\">Amerikanenglanti<\/a> ja <a href=\"https:\/\/ansok.eu\/sv\/wp-json\/wp\/v2\/pages\/36\" class=\"qtranxs-available-language-link qtranxs-available-language-link-sv\" title=\"Svenska\">Ruotsi<\/a>.<\/p>","protected":false},"excerpt":{"rendered":"<p>Anteeksi, mutta t\u00e4m\u00e4 kirjoitus on saatavana ainoastaan n\u00e4ill\u00e4 kielill\u00e4: Amerikanenglanti ja Ruotsi.<\/p>\n","protected":false},"author":2,"featured_media":0,"parent":0,"menu_order":0,"comment_status":"closed","ping_status":"closed","template":"","meta":[],"yoast_head":"<!-- This site is optimized with the Yoast SEO plugin v15.7 - https:\/\/yoast.com\/wordpress\/plugins\/seo\/ -->\n<title>Family Research AnSearch - Family Research AnSearch<\/title>\n<meta name=\"robots\" content=\"index, follow, max-snippet:-1, max-image-preview:large, max-video-preview:-1\" \/>\n<link rel=\"canonical\" href=\"https:\/\/ansok.eu\/\" \/>\n<meta name=\"twitter:card\" content=\"summary_large_image\" \/>\n<meta name=\"twitter:title\" content=\"Family Research AnSearch - Family Research AnSearch\" \/>\n<meta name=\"twitter:description\" content=\"Anteeksi, mutta t\u00e4m\u00e4 kirjoitus on saatavana ainoastaan n\u00e4ill\u00e4 kielill\u00e4: Amerikanenglanti ja Ruotsi.\" \/>\n<meta name=\"twitter:image\" content=\"http:\/\/ansok.eu\/wp-content\/uploads\/2012\/09\/skanna1-177x300.jpg\" \/>\n<meta name=\"twitter:label1\" content=\"Est. reading time\">\n\t<meta name=\"twitter:data1\" content=\"3 minuuttia\">\n<script type=\"application\/ld+json\" class=\"yoast-schema-graph\">{\"@context\":\"https:\/\/schema.org\",\"@graph\":[{\"@type\":\"WebSite\",\"@id\":\"https:\/\/ansok.eu\/#website\",\"url\":\"https:\/\/ansok.eu\/\",\"name\":\"Family Research AnSearch\",\"description\":\"Genealogical research service specialized in Northern Europe\",\"potentialAction\":[{\"@type\":\"SearchAction\",\"target\":\"https:\/\/ansok.eu\/?s={search_term_string}\",\"query-input\":\"required name=search_term_string\"}],\"inLanguage\":\"fi\"},{\"@type\":\"ImageObject\",\"@id\":\"https:\/\/ansok.eu\/#primaryimage\",\"inLanguage\":\"fi\",\"url\":\"http:\/\/ansok.eu\/wp-content\/uploads\/2012\/09\/skanna1-177x300.jpg\"},{\"@type\":\"WebPage\",\"@id\":\"https:\/\/ansok.eu\/#webpage\",\"url\":\"https:\/\/ansok.eu\/\",\"name\":\"Family Research AnSearch - Family Research AnSearch\",\"isPartOf\":{\"@id\":\"https:\/\/ansok.eu\/#website\"},\"primaryImageOfPage\":{\"@id\":\"https:\/\/ansok.eu\/#primaryimage\"},\"datePublished\":\"2012-08-27T12:10:02+00:00\",\"dateModified\":\"2022-08-25T08:43:46+00:00\",\"inLanguage\":\"fi\",\"potentialAction\":[{\"@type\":\"ReadAction\",\"target\":[\"https:\/\/ansok.eu\/\"]}]}]}<\/script>\n<!-- \/ Yoast SEO plugin. -->","_links":{"self":[{"href":"https:\/\/ansok.eu\/fi\/wp-json\/wp\/v2\/pages\/36"}],"collection":[{"href":"https:\/\/ansok.eu\/fi\/wp-json\/wp\/v2\/pages"}],"about":[{"href":"https:\/\/ansok.eu\/fi\/wp-json\/wp\/v2\/types\/page"}],"author":[{"embeddable":true,"href":"https:\/\/ansok.eu\/fi\/wp-json\/wp\/v2\/users\/2"}],"replies":[{"embeddable":true,"href":"https:\/\/ansok.eu\/fi\/wp-json\/wp\/v2\/comments?post=36"}],"version-history":[{"count":2,"href":"https:\/\/ansok.eu\/fi\/wp-json\/wp\/v2\/pages\/36\/revisions"}],"predecessor-version":[{"id":61,"href":"https:\/\/ansok.eu\/fi\/wp-json\/wp\/v2\/pages\/36\/revisions\/61"}],"wp:attachment":[{"href":"https:\/\/ansok.eu\/fi\/wp-json\/wp\/v2\/media?parent=36"}],"curies":[{"name":"wp","href":"https:\/\/api.w.org\/{rel}","templated":true}]}}