{"id":76,"date":"2012-08-27T17:19:14","date_gmt":"2012-08-27T17:19:14","guid":{"rendered":"http:\/\/ansok.eu\/?page_id=76"},"modified":"2016-01-02T20:11:43","modified_gmt":"2016-01-02T18:11:43","slug":"kontakt","status":"publish","type":"page","link":"https:\/\/ansok.eu\/fi\/kontakt\/","title":{"rendered":"Contact"},"content":{"rendered":"<p class=\"qtranxs-available-languages-message qtranxs-available-languages-message-fi\">Anteeksi, mutta t\u00e4m\u00e4 kirjoitus on saatavana ainoastaan n\u00e4ill\u00e4 kielill\u00e4: <a href=\"https:\/\/ansok.eu\/en\/wp-json\/wp\/v2\/pages\/76\" class=\"qtranxs-available-language-link qtranxs-available-language-link-en\" title=\"English\">Amerikanenglanti<\/a> ja <a href=\"https:\/\/ansok.eu\/sv\/wp-json\/wp\/v2\/pages\/76\" class=\"qtranxs-available-language-link qtranxs-available-language-link-sv\" title=\"Svenska\">Ruotsi<\/a>.<\/p>","protected":false},"excerpt":{"rendered":"","protected":false},"author":1,"featured_media":0,"parent":0,"menu_order":4,"comment_status":"closed","ping_status":"closed","template":"","meta":[],"yoast_head":"<!-- This site is optimized with the Yoast SEO plugin v15.7 - https:\/\/yoast.com\/wordpress\/plugins\/seo\/ -->\n<title>Contact - Family Research AnSearch<\/title>\n<meta name=\"robots\" content=\"index, follow, max-snippet:-1, max-image-preview:large, max-video-preview:-1\" \/>\n<link rel=\"canonical\" href=\"https:\/\/ansok.eu\/kontakt\/\" \/>\n<meta name=\"twitter:card\" content=\"summary_large_image\" \/>\n<meta name=\"twitter:title\" content=\"Contact - Family Research AnSearch\" \/>\n<script type=\"application\/ld+json\" class=\"yoast-schema-graph\">{\"@context\":\"https:\/\/schema.org\",\"@graph\":[{\"@type\":\"WebSite\",\"@id\":\"https:\/\/ansok.eu\/#website\",\"url\":\"https:\/\/ansok.eu\/\",\"name\":\"Family Research AnSearch\",\"description\":\"Genealogical research service specialized in Northern Europe\",\"potentialAction\":[{\"@type\":\"SearchAction\",\"target\":\"https:\/\/ansok.eu\/?s={search_term_string}\",\"query-input\":\"required name=search_term_string\"}],\"inLanguage\":\"fi\"},{\"@type\":\"WebPage\",\"@id\":\"https:\/\/ansok.eu\/kontakt\/#webpage\",\"url\":\"https:\/\/ansok.eu\/kontakt\/\",\"name\":\"Contact - Family Research AnSearch\",\"isPartOf\":{\"@id\":\"https:\/\/ansok.eu\/#website\"},\"datePublished\":\"2012-08-27T17:19:14+00:00\",\"dateModified\":\"2016-01-02T18:11:43+00:00\",\"inLanguage\":\"fi\",\"potentialAction\":[{\"@type\":\"ReadAction\",\"target\":[\"https:\/\/ansok.eu\/kontakt\/\"]}]}]}<\/script>\n<!-- \/ Yoast SEO plugin. -->","_links":{"self":[{"href":"https:\/\/ansok.eu\/fi\/wp-json\/wp\/v2\/pages\/76"}],"collection":[{"href":"https:\/\/ansok.eu\/fi\/wp-json\/wp\/v2\/pages"}],"about":[{"href":"https:\/\/ansok.eu\/fi\/wp-json\/wp\/v2\/types\/page"}],"author":[{"embeddable":true,"href":"https:\/\/ansok.eu\/fi\/wp-json\/wp\/v2\/users\/1"}],"replies":[{"embeddable":true,"href":"https:\/\/ansok.eu\/fi\/wp-json\/wp\/v2\/comments?post=76"}],"version-history":[{"count":1,"href":"https:\/\/ansok.eu\/fi\/wp-json\/wp\/v2\/pages\/76\/revisions"}],"predecessor-version":[{"id":77,"href":"https:\/\/ansok.eu\/fi\/wp-json\/wp\/v2\/pages\/76\/revisions\/77"}],"wp:attachment":[{"href":"https:\/\/ansok.eu\/fi\/wp-json\/wp\/v2\/media?parent=76"}],"curies":[{"name":"wp","href":"https:\/\/api.w.org\/{rel}","templated":true}]}}